{"id":431,"date":"2025-03-14T07:37:42","date_gmt":"2025-03-14T07:37:42","guid":{"rendered":"https:\/\/burpy.it\/?page_id=431"},"modified":"2025-03-23T08:24:32","modified_gmt":"2025-03-23T08:24:32","slug":"eventos","status":"publish","type":"page","link":"https:\/\/burpy.it\/es\/eventos\/","title":{"rendered":"Eventos"},"content":{"rendered":"\t\t<div data-elementor-type=\"wp-page\" data-elementor-id=\"431\" class=\"elementor elementor-431\" data-elementor-post-type=\"page\">\n\t\t\t\t<div class=\"elementor-element elementor-element-cfcb967 e-flex e-con-boxed e-con e-parent\" data-id=\"cfcb967\" data-element_type=\"container\" data-settings=\"{&quot;background_background&quot;:&quot;classic&quot;}\">\n\t\t\t\t\t<div class=\"e-con-inner\">\n\t\t\t\t\t<\/div>\n\t\t\t\t<\/div>\n\t\t<div class=\"elementor-element elementor-element-8c38ccb e-flex e-con-boxed e-con e-parent\" data-id=\"8c38ccb\" data-element_type=\"container\">\n\t\t\t\t\t<div class=\"e-con-inner\">\n\t\t\t\t<div class=\"elementor-element elementor-element-3a290e4 elementor-widget elementor-widget-heading\" data-id=\"3a290e4\" data-element_type=\"widget\" data-widget_type=\"heading.default\">\n\t\t\t\t<div class=\"elementor-widget-container\">\n\t\t\t\t\t<h2 class=\"elementor-heading-title elementor-size-default\">Tu Celebraci\u00f3n con<br>\nSabor Italiano<\/h2>\t\t\t\t<\/div>\n\t\t\t\t<\/div>\n\t\t\t\t<div class=\"elementor-element elementor-element-4e53338 elementor-widget elementor-widget-text-editor\" data-id=\"4e53338\" data-element_type=\"widget\" data-widget_type=\"text-editor.default\">\n\t\t\t\t<div class=\"elementor-widget-container\">\n\t\t\t\t\t\t\t\t\t<p>En Burpy hacemos que cada momento especial sea<br \/>inolvidable, ofreciendo dos modalidades exclusivas para<br \/>tus eventos:<\/p>\t\t\t\t\t\t\t\t<\/div>\n\t\t\t\t<\/div>\n\t\t\t\t<div class=\"elementor-element elementor-element-534d67a elementor-widget elementor-widget-heading\" data-id=\"534d67a\" data-element_type=\"widget\" data-widget_type=\"heading.default\">\n\t\t\t\t<div class=\"elementor-widget-container\">\n\t\t\t\t\t<h2 class=\"elementor-heading-title elementor-size-default\">Sala Privada<\/h2>\t\t\t\t<\/div>\n\t\t\t\t<\/div>\n\t\t\t\t<div class=\"elementor-element elementor-element-85c9b10 elementor-widget elementor-widget-heading\" data-id=\"85c9b10\" data-element_type=\"widget\" data-widget_type=\"heading.default\">\n\t\t\t\t<div class=\"elementor-widget-container\">\n\t\t\t\t\t<h2 class=\"elementor-heading-title elementor-size-default\">Disfruta de nuestro elegante espacio privado con capacidad para 40 personas, perfecto para todo tipo de celebraciones: graduaciones, cumple- a\u00f1os, despedidas de soltero\/a, aniversarios y reuniones empresariales.<\/h2>\t\t\t\t<\/div>\n\t\t\t\t<\/div>\n\t\t\t\t<div class=\"elementor-element elementor-element-c6a31ad elementor-widget elementor-widget-text-editor\" data-id=\"c6a31ad\" data-element_type=\"widget\" data-widget_type=\"text-editor.default\">\n\t\t\t\t<div class=\"elementor-widget-container\">\n\t\t\t\t\t\t\t\t\tNuestra sala exclusiva se transforma para adaptarse a tu evento, mientras nuestro servicio de catering italiano te deleitar\u00e1 con una selecci\u00f3n personalizada de focaccias gourmet, tablas de embutidos y quesos italianos selectos, y deliciosos postres artesanales, incluyendo nuestro irresistible tiramis\u00f9. Cada detalle est\u00e1 cuidadosamente dise\u00f1ado para crear una experiencia \u00fanica que combine la calidez italiana con la elegancia moderna.\t\t\t\t\t\t\t\t<\/div>\n\t\t\t\t<\/div>\n\t\t\t\t<div class=\"elementor-element elementor-element-f10aaa5 elementor-widget elementor-widget-heading\" data-id=\"f10aaa5\" data-element_type=\"widget\" data-widget_type=\"heading.default\">\n\t\t\t\t<div class=\"elementor-widget-container\">\n\t\t\t\t\t<h2 class=\"elementor-heading-title elementor-size-default\">DOMICILIO<\/h2>\t\t\t\t<\/div>\n\t\t\t\t<\/div>\n\t\t\t\t<div class=\"elementor-element elementor-element-e00b6d0 elementor-widget elementor-widget-heading\" data-id=\"e00b6d0\" data-element_type=\"widget\" data-widget_type=\"heading.default\">\n\t\t\t\t<div class=\"elementor-widget-container\">\n\t\t\t\t\t<h2 class=\"elementor-heading-title elementor-size-default\">Llevamos la aut\u00e9ntica experiencia Burpy donde t\u00fa la necesites. Ya sea en tu\ncasa, oficina o lugar de evento, nuestro servicio de catering m\u00f3vil traslada\ntoda la magia de la gastronom\u00eda italiana directamente a tu espacio.<\/h2>\t\t\t\t<\/div>\n\t\t\t\t<\/div>\n\t\t\t\t<div class=\"elementor-element elementor-element-7960b38 elementor-widget elementor-widget-text-editor\" data-id=\"7960b38\" data-element_type=\"widget\" data-widget_type=\"text-editor.default\">\n\t\t\t\t<div class=\"elementor-widget-container\">\n\t\t\t\t\t\t\t\t\tOfrecemos un men\u00fa completo y personalizable que\nincluye nuestras famosas focaccias reci\u00e9n horneadas,\nuna cuidada selecci\u00f3n de productos italianos premium\ny postres tradicionales. Nos encargamos de todo,\ndesde la presentaci\u00f3n hasta el servicio, para que t\u00fa\nsolo tengas que disfrutar.\nCada evento Burpy se planifica con atenci\u00f3n al detalle y\nse personaliza seg\u00fan tus preferencias espec\u00edficas.\nNuestro equipo de expertos en eventos te guiar\u00e1 en\ncada paso, asegurando que tu celebraci\u00f3n sea\nexactamente como la imaginaste, con el inconfundible\ntoque de la hospitalidad italiana.\t\t\t\t\t\t\t\t<\/div>\n\t\t\t\t<\/div>\n\t\t\t\t\t<\/div>\n\t\t\t\t<\/div>\n\t\t\t\t<\/div>\n\t\t","protected":false},"excerpt":{"rendered":"<p>Tu Celebraci\u00f3n con Sabor Italiano En Burpy hacemos que cada momento especial seainolvidable, ofreciendo dos modalidades exclusivas paratus eventos: Sala Privada Disfruta de nuestro elegante espacio privado con capacidad para 40 personas, perfecto para todo tipo de celebraciones: graduaciones, cumple- a\u00f1os, despedidas de soltero\/a, aniversarios y reuniones empresariales. Nuestra sala exclusiva se transforma para adaptarse [&hellip;]<\/p>\n","protected":false},"author":1,"featured_media":0,"parent":0,"menu_order":0,"comment_status":"closed","ping_status":"closed","template":"","meta":{"footnotes":""},"class_list":["post-431","page","type-page","status-publish","hentry"],"_links":{"self":[{"href":"https:\/\/burpy.it\/es\/wp-json\/wp\/v2\/pages\/431","targetHints":{"allow":["GET"]}}],"collection":[{"href":"https:\/\/burpy.it\/es\/wp-json\/wp\/v2\/pages"}],"about":[{"href":"https:\/\/burpy.it\/es\/wp-json\/wp\/v2\/types\/page"}],"author":[{"embeddable":true,"href":"https:\/\/burpy.it\/es\/wp-json\/wp\/v2\/users\/1"}],"replies":[{"embeddable":true,"href":"https:\/\/burpy.it\/es\/wp-json\/wp\/v2\/comments?post=431"}],"version-history":[{"count":7,"href":"https:\/\/burpy.it\/es\/wp-json\/wp\/v2\/pages\/431\/revisions"}],"predecessor-version":[{"id":637,"href":"https:\/\/burpy.it\/es\/wp-json\/wp\/v2\/pages\/431\/revisions\/637"}],"wp:attachment":[{"href":"https:\/\/burpy.it\/es\/wp-json\/wp\/v2\/media?parent=431"}],"curies":[{"name":"wp","href":"https:\/\/api.w.org\/{rel}","templated":true}]}}