{"id":343,"date":"2025-03-14T06:02:10","date_gmt":"2025-03-14T06:02:10","guid":{"rendered":"https:\/\/burpy.it\/?page_id=343"},"modified":"2025-04-11T04:35:20","modified_gmt":"2025-04-11T04:35:20","slug":"tienda-illy","status":"publish","type":"page","link":"https:\/\/burpy.it\/es\/tienda-illy\/","title":{"rendered":"Tienda Illy"},"content":{"rendered":"\t\t<div data-elementor-type=\"wp-page\" data-elementor-id=\"343\" class=\"elementor elementor-343\" data-elementor-post-type=\"page\">\n\t\t\t\t<div class=\"elementor-element elementor-element-0e0b61e e-flex e-con-boxed e-con e-parent\" data-id=\"0e0b61e\" data-element_type=\"container\" data-settings=\"{&quot;background_background&quot;:&quot;classic&quot;}\">\n\t\t\t\t\t<div class=\"e-con-inner\">\n\t\t\t\t\t<\/div>\n\t\t\t\t<\/div>\n\t\t<div class=\"elementor-element elementor-element-4a0c827 e-flex e-con-boxed e-con e-parent\" data-id=\"4a0c827\" data-element_type=\"container\" data-settings=\"{&quot;background_background&quot;:&quot;classic&quot;}\">\n\t\t\t\t\t<div class=\"e-con-inner\">\n\t\t<div class=\"elementor-element elementor-element-87229bc e-con-full e-flex e-con e-child\" data-id=\"87229bc\" data-element_type=\"container\">\n\t\t\t\t<div class=\"elementor-element elementor-element-ae7c755 elementor-widget elementor-widget-image\" data-id=\"ae7c755\" data-element_type=\"widget\" data-widget_type=\"image.default\">\n\t\t\t\t<div class=\"elementor-widget-container\">\n\t\t\t\t\t\t\t\t\t\t\t\t\t\t\t<img fetchpriority=\"high\" decoding=\"async\" width=\"768\" height=\"764\" src=\"https:\/\/burpy.it\/es\/wp-content\/uploads\/2025\/03\/BURPY-webTavola-disegno-130-1-e1741932324229-768x764.png\" class=\"attachment-medium_large size-medium_large wp-image-351\" alt=\"\" srcset=\"https:\/\/burpy.it\/es\/wp-content\/uploads\/2025\/03\/BURPY-webTavola-disegno-130-1-e1741932324229-768x764.png 768w, https:\/\/burpy.it\/es\/wp-content\/uploads\/2025\/03\/BURPY-webTavola-disegno-130-1-e1741932324229-300x298.png 300w, https:\/\/burpy.it\/es\/wp-content\/uploads\/2025\/03\/BURPY-webTavola-disegno-130-1-e1741932324229-150x150.png 150w, https:\/\/burpy.it\/es\/wp-content\/uploads\/2025\/03\/BURPY-webTavola-disegno-130-1-e1741932324229.png 880w\" sizes=\"(max-width: 768px) 100vw, 768px\" \/>\t\t\t\t\t\t\t\t\t\t\t\t\t\t\t<\/div>\n\t\t\t\t<\/div>\n\t\t\t\t<div class=\"elementor-element elementor-element-bec4a0a elementor-widget__width-initial elementor-widget-tablet__width-inherit elementor-widget elementor-widget-text-editor\" data-id=\"bec4a0a\" data-element_type=\"widget\" data-widget_type=\"text-editor.default\">\n\t\t\t\t<div class=\"elementor-widget-container\">\n\t\t\t\t\t\t\t\t\t<p>Descubre la excelencia<br \/>del caf\u00e9 italiano<\/p>\t\t\t\t\t\t\t\t<\/div>\n\t\t\t\t<\/div>\n\t\t\t\t<div class=\"elementor-element elementor-element-d8ce71e elementor-widget__width-initial elementor-widget elementor-widget-text-editor\" data-id=\"d8ce71e\" data-element_type=\"widget\" data-widget_type=\"text-editor.default\">\n\t\t\t\t<div class=\"elementor-widget-container\">\n\t\t\t\t\t\t\t\t\ten tu hogar\t\t\t\t\t\t\t\t<\/div>\n\t\t\t\t<\/div>\n\t\t\t\t<div class=\"elementor-element elementor-element-48f1248 elementor-widget elementor-widget-image\" data-id=\"48f1248\" data-element_type=\"widget\" data-widget_type=\"image.default\">\n\t\t\t\t<div class=\"elementor-widget-container\">\n\t\t\t\t\t\t\t\t\t\t\t\t\t\t\t<img decoding=\"async\" width=\"512\" height=\"501\" src=\"https:\/\/burpy.it\/es\/wp-content\/uploads\/2025\/03\/BURPY-webTavola-disegno-141_1.png\" class=\"attachment-medium_large size-medium_large wp-image-73\" alt=\"\" srcset=\"https:\/\/burpy.it\/es\/wp-content\/uploads\/2025\/03\/BURPY-webTavola-disegno-141_1.png 512w, https:\/\/burpy.it\/es\/wp-content\/uploads\/2025\/03\/BURPY-webTavola-disegno-141_1-300x294.png 300w\" sizes=\"(max-width: 512px) 100vw, 512px\" \/>\t\t\t\t\t\t\t\t\t\t\t\t\t\t\t<\/div>\n\t\t\t\t<\/div>\n\t\t\t\t<\/div>\n\t\t<div class=\"elementor-element elementor-element-5748e41 e-con-full e-flex e-con e-child\" data-id=\"5748e41\" data-element_type=\"container\">\n\t\t\t\t<div class=\"elementor-element elementor-element-e403de4 elementor-widget elementor-widget-image\" data-id=\"e403de4\" data-element_type=\"widget\" data-widget_type=\"image.default\">\n\t\t\t\t<div class=\"elementor-widget-container\">\n\t\t\t\t\t\t\t\t\t\t\t\t\t\t\t<img decoding=\"async\" width=\"800\" height=\"880\" src=\"https:\/\/burpy.it\/es\/wp-content\/uploads\/2025\/04\/7983-931x1024.png\" class=\"attachment-large size-large wp-image-822\" alt=\"\" srcset=\"https:\/\/burpy.it\/es\/wp-content\/uploads\/2025\/04\/7983-931x1024.png 931w, https:\/\/burpy.it\/es\/wp-content\/uploads\/2025\/04\/7983-768x845.png 768w, https:\/\/burpy.it\/es\/wp-content\/uploads\/2025\/04\/7983-1396x1536.png 1396w\" sizes=\"(max-width: 800px) 100vw, 800px\" \/>\t\t\t\t\t\t\t\t\t\t\t\t\t\t\t<\/div>\n\t\t\t\t<\/div>\n\t\t\t\t<div class=\"elementor-element elementor-element-efb7501 elementor-widget__width-inherit elementor-widget elementor-widget-text-editor\" data-id=\"efb7501\" data-element_type=\"widget\" data-widget_type=\"text-editor.default\">\n\t\t\t\t<div class=\"elementor-widget-container\">\n\t\t\t\t\t\t\t\t\tEn BURPY no solo te ofrecemos la\naut\u00e9ntica experiencia del caf\u00e9 illy en\nnuestro local; ahora puedes llevar ese\nmismo placer a tu casa.\nComo distribuidor oficial illy, ponemos a tu\ndisposici\u00f3n una selecta gama de\nproductos:\t\t\t\t\t\t\t\t<\/div>\n\t\t\t\t<\/div>\n\t\t\t\t<\/div>\n\t\t\t\t\t<\/div>\n\t\t\t\t<\/div>\n\t\t<div class=\"elementor-element elementor-element-3493841 e-flex e-con-boxed e-con e-parent\" data-id=\"3493841\" data-element_type=\"container\" data-settings=\"{&quot;background_background&quot;:&quot;classic&quot;}\">\n\t\t\t\t\t<div class=\"e-con-inner\">\n\t\t<div class=\"elementor-element elementor-element-881d96a e-con-full e-flex e-con e-child\" data-id=\"881d96a\" data-element_type=\"container\">\n\t\t<div class=\"elementor-element elementor-element-517ad6a e-con-full e-flex e-con e-child\" data-id=\"517ad6a\" data-element_type=\"container\">\n\t\t\t\t<div class=\"elementor-element elementor-element-15ddc60 elementor-widget elementor-widget-heading\" data-id=\"15ddc60\" data-element_type=\"widget\" data-widget_type=\"heading.default\">\n\t\t\t\t<div class=\"elementor-widget-container\">\n\t\t\t\t\t<h2 class=\"elementor-heading-title elementor-size-default\">- M\u00e1quinas de caf\u00e9 dom\u00e9sticas<\/h2>\t\t\t\t<\/div>\n\t\t\t\t<\/div>\n\t\t\t\t<div class=\"elementor-element elementor-element-7ce14dd elementor-widget elementor-widget-heading\" data-id=\"7ce14dd\" data-element_type=\"widget\" data-widget_type=\"heading.default\">\n\t\t\t\t<div class=\"elementor-widget-container\">\n\t\t\t\t\t<h2 class=\"elementor-heading-title elementor-size-default\">- Caf\u00e9 en c\u00e1psulas y grano<\/h2>\t\t\t\t<\/div>\n\t\t\t\t<\/div>\n\t\t\t\t<\/div>\n\t\t<div class=\"elementor-element elementor-element-5fd67a0 e-con-full e-flex e-con e-child\" data-id=\"5fd67a0\" data-element_type=\"container\">\n\t\t\t\t<div class=\"elementor-element elementor-element-c02c2af elementor-widget elementor-widget-heading\" data-id=\"c02c2af\" data-element_type=\"widget\" data-widget_type=\"heading.default\">\n\t\t\t\t<div class=\"elementor-widget-container\">\n\t\t\t\t\t<h2 class=\"elementor-heading-title elementor-size-default\">- T\u00e9s seleccionados<\/h2>\t\t\t\t<\/div>\n\t\t\t\t<\/div>\n\t\t\t\t<div class=\"elementor-element elementor-element-80aa401 elementor-widget elementor-widget-heading\" data-id=\"80aa401\" data-element_type=\"widget\" data-widget_type=\"heading.default\">\n\t\t\t\t<div class=\"elementor-widget-container\">\n\t\t\t\t\t<h2 class=\"elementor-heading-title elementor-size-default\">- Accesorios y merchandising<\/h2>\t\t\t\t<\/div>\n\t\t\t\t<\/div>\n\t\t\t\t<\/div>\n\t\t\t\t<\/div>\n\t\t\t\t<div class=\"elementor-element elementor-element-6370d7b elementor-widget__width-initial elementor-widget elementor-widget-text-editor\" data-id=\"6370d7b\" data-element_type=\"widget\" data-widget_type=\"text-editor.default\">\n\t\t\t\t<div class=\"elementor-widget-container\">\n\t\t\t\t\t\t\t\t\t<p>\u00bfNecesitas asesoramiento? Vis\u00edtanos en nuestro local junto al Bernab\u00e9u y<br \/>nuestro equipo especializado te ayudar\u00e1 a elegir la m\u00e1quina perfecta para ti.<\/p>\t\t\t\t\t\t\t\t<\/div>\n\t\t\t\t<\/div>\n\t\t<div class=\"elementor-element elementor-element-1be3bf5 e-con-full e-flex e-con e-child\" data-id=\"1be3bf5\" data-element_type=\"container\">\n\t\t<div class=\"elementor-element elementor-element-7cca889 e-con-full e-flex e-con e-child\" data-id=\"7cca889\" data-element_type=\"container\">\n\t\t\t\t<div class=\"elementor-element elementor-element-3a6e4cb elementor-widget elementor-widget-heading\" data-id=\"3a6e4cb\" data-element_type=\"widget\" data-widget_type=\"heading.default\">\n\t\t\t\t<div class=\"elementor-widget-container\">\n\t\t\t\t\t<h2 class=\"elementor-heading-title elementor-size-default\">SERVICIO A DOMICILIO<\/h2>\t\t\t\t<\/div>\n\t\t\t\t<\/div>\n\t\t\t\t<\/div>\n\t\t<div class=\"elementor-element elementor-element-e95b165 e-con-full e-flex e-con e-child\" data-id=\"e95b165\" data-element_type=\"container\">\n\t\t\t\t<div class=\"elementor-element elementor-element-3ac45e5 elementor-widget elementor-widget-heading\" data-id=\"3ac45e5\" data-element_type=\"widget\" data-widget_type=\"heading.default\">\n\t\t\t\t<div class=\"elementor-widget-container\">\n\t\t\t\t\t<h2 class=\"elementor-heading-title elementor-size-default\">\u00bfSe te acabaron las c\u00e1psulas? \u00a1No te preocupes!\nRealizamos entregas a domicilio a trav\u00e9s de Uber y Glovo.<\/h2>\t\t\t\t<\/div>\n\t\t\t\t<\/div>\n\t\t\t\t<\/div>\n\t\t\t\t<\/div>\n\t\t\t\t\t<\/div>\n\t\t\t\t<\/div>\n\t\t<div class=\"elementor-element elementor-element-58526b8 e-con-full e-flex e-con e-parent\" data-id=\"58526b8\" data-element_type=\"container\" data-settings=\"{&quot;background_background&quot;:&quot;classic&quot;}\">\n\t\t\t\t<div class=\"elementor-element elementor-element-1113760 elementor-widget elementor-widget-image\" data-id=\"1113760\" data-element_type=\"widget\" data-widget_type=\"image.default\">\n\t\t\t\t<div class=\"elementor-widget-container\">\n\t\t\t\t\t\t\t\t\t\t\t\t\t\t\t<img loading=\"lazy\" decoding=\"async\" width=\"3481\" height=\"1722\" src=\"https:\/\/burpy.it\/es\/wp-content\/uploads\/2025\/04\/PNG-ITATavola-disegno-156-8.png\" class=\"attachment-full size-full wp-image-823\" alt=\"\" srcset=\"https:\/\/burpy.it\/es\/wp-content\/uploads\/2025\/04\/PNG-ITATavola-disegno-156-8.png 3481w, https:\/\/burpy.it\/es\/wp-content\/uploads\/2025\/04\/PNG-ITATavola-disegno-156-8-300x148.png 300w, https:\/\/burpy.it\/es\/wp-content\/uploads\/2025\/04\/PNG-ITATavola-disegno-156-8-1024x507.png 1024w, https:\/\/burpy.it\/es\/wp-content\/uploads\/2025\/04\/PNG-ITATavola-disegno-156-8-768x380.png 768w, https:\/\/burpy.it\/es\/wp-content\/uploads\/2025\/04\/PNG-ITATavola-disegno-156-8-1536x760.png 1536w, https:\/\/burpy.it\/es\/wp-content\/uploads\/2025\/04\/PNG-ITATavola-disegno-156-8-2048x1013.png 2048w\" sizes=\"(max-width: 3481px) 100vw, 3481px\" \/>\t\t\t\t\t\t\t\t\t\t\t\t\t\t\t<\/div>\n\t\t\t\t<\/div>\n\t\t\t\t<\/div>\n\t\t\t\t<\/div>\n\t\t","protected":false},"excerpt":{"rendered":"<p>Descubre la excelenciadel caf\u00e9 italiano en tu hogar En BURPY no solo te ofrecemos la aut\u00e9ntica experiencia del caf\u00e9 illy en nuestro local; ahora puedes llevar ese mismo placer a tu casa. Como distribuidor oficial illy, ponemos a tu disposici\u00f3n una selecta gama de productos: &#8211; M\u00e1quinas de caf\u00e9 dom\u00e9sticas &#8211; Caf\u00e9 en c\u00e1psulas y [&hellip;]<\/p>\n","protected":false},"author":1,"featured_media":0,"parent":0,"menu_order":0,"comment_status":"closed","ping_status":"closed","template":"","meta":{"footnotes":""},"class_list":["post-343","page","type-page","status-publish","hentry"],"_links":{"self":[{"href":"https:\/\/burpy.it\/es\/wp-json\/wp\/v2\/pages\/343","targetHints":{"allow":["GET"]}}],"collection":[{"href":"https:\/\/burpy.it\/es\/wp-json\/wp\/v2\/pages"}],"about":[{"href":"https:\/\/burpy.it\/es\/wp-json\/wp\/v2\/types\/page"}],"author":[{"embeddable":true,"href":"https:\/\/burpy.it\/es\/wp-json\/wp\/v2\/users\/1"}],"replies":[{"embeddable":true,"href":"https:\/\/burpy.it\/es\/wp-json\/wp\/v2\/comments?post=343"}],"version-history":[{"count":28,"href":"https:\/\/burpy.it\/es\/wp-json\/wp\/v2\/pages\/343\/revisions"}],"predecessor-version":[{"id":826,"href":"https:\/\/burpy.it\/es\/wp-json\/wp\/v2\/pages\/343\/revisions\/826"}],"wp:attachment":[{"href":"https:\/\/burpy.it\/es\/wp-json\/wp\/v2\/media?parent=343"}],"curies":[{"name":"wp","href":"https:\/\/api.w.org\/{rel}","templated":true}]}}